{"id":2647,"date":"2024-03-18T17:09:42","date_gmt":"2024-03-18T09:09:42","guid":{"rendered":"https:\/\/biologi.fmipa.untad.ac.id\/?page_id=2647"},"modified":"2026-04-03T22:54:56","modified_gmt":"2026-04-03T14:54:56","slug":"beranda","status":"publish","type":"page","link":"https:\/\/biologi.fmipa.untad.ac.id\/","title":{"rendered":"Beranda"},"content":{"rendered":"\t\t<div data-elementor-type=\"wp-page\" data-elementor-id=\"2647\" class=\"elementor elementor-2647\">\n\t\t\t\t\t\t<section class=\"elementor-section elementor-top-section elementor-element elementor-element-110f687 elementor-section-boxed elementor-section-height-default elementor-section-height-default\" data-id=\"110f687\" data-element_type=\"section\" data-e-type=\"section\">\n\t\t\t\t\t\t<div class=\"elementor-container elementor-column-gap-default\">\n\t\t\t\t\t<div class=\"elementor-column elementor-col-33 elementor-top-column elementor-element elementor-element-f9c5468\" data-id=\"f9c5468\" data-element_type=\"column\" data-e-type=\"column\">\n\t\t\t<div class=\"elementor-widget-wrap elementor-element-populated\">\n\t\t\t\t\t\t<div class=\"elementor-element elementor-element-c3484f1 elementor-widget elementor-widget-image\" data-id=\"c3484f1\" data-element_type=\"widget\" data-e-type=\"widget\" data-widget_type=\"image.default\">\n\t\t\t\t<div class=\"elementor-widget-container\">\n\t\t\t\t\t\t\t\t\t\t\t\t\t\t\t<img fetchpriority=\"high\" decoding=\"async\" width=\"768\" height=\"1108\" src=\"https:\/\/biologi.fmipa.untad.ac.id\/wp-content\/uploads\/2025\/05\/Asri-3b-768x1108.jpeg\" class=\"attachment-medium_large size-medium_large wp-image-4001\" alt=\"\" srcset=\"https:\/\/biologi.fmipa.untad.ac.id\/wp-content\/uploads\/2025\/05\/Asri-3b-768x1108.jpeg 768w, https:\/\/biologi.fmipa.untad.ac.id\/wp-content\/uploads\/2025\/05\/Asri-3b-208x300.jpeg 208w, https:\/\/biologi.fmipa.untad.ac.id\/wp-content\/uploads\/2025\/05\/Asri-3b-710x1024.jpeg 710w, https:\/\/biologi.fmipa.untad.ac.id\/wp-content\/uploads\/2025\/05\/Asri-3b-104x150.jpeg 104w, https:\/\/biologi.fmipa.untad.ac.id\/wp-content\/uploads\/2025\/05\/Asri-3b-1065x1536.jpeg 1065w, https:\/\/biologi.fmipa.untad.ac.id\/wp-content\/uploads\/2025\/05\/Asri-3b-1420x2048.jpeg 1420w, https:\/\/biologi.fmipa.untad.ac.id\/wp-content\/uploads\/2025\/05\/Asri-3b.jpeg 1712w\" sizes=\"(max-width: 768px) 100vw, 768px\" \/>\t\t\t\t\t\t\t\t\t\t\t\t\t\t\t<\/div>\n\t\t\t\t<\/div>\n\t\t\t\t<div class=\"elementor-element elementor-element-6fca3ef elementor-widget elementor-widget-text-editor\" data-id=\"6fca3ef\" data-element_type=\"widget\" data-e-type=\"widget\" data-widget_type=\"text-editor.default\">\n\t\t\t\t<div class=\"elementor-widget-container\">\n\t\t\t\t\t\t\t\t\t<p style=\"text-align: center;\"><strong>Dr. Asri Pirade Paserang, S.Si., M.Si.<\/strong><br \/>Koordinator Prodi Biologi<\/p>\t\t\t\t\t\t\t\t<\/div>\n\t\t\t\t<\/div>\n\t\t\t\t\t<\/div>\n\t\t<\/div>\n\t\t\t\t<div class=\"elementor-column elementor-col-66 elementor-top-column elementor-element elementor-element-5a8fd8b\" data-id=\"5a8fd8b\" data-element_type=\"column\" data-e-type=\"column\">\n\t\t\t<div class=\"elementor-widget-wrap elementor-element-populated\">\n\t\t\t\t\t\t<div class=\"elementor-element elementor-element-972e3df elementor-widget elementor-widget-heading\" data-id=\"972e3df\" data-element_type=\"widget\" data-e-type=\"widget\" data-widget_type=\"heading.default\">\n\t\t\t\t<div class=\"elementor-widget-container\">\n\t\t\t\t\t<h5 class=\"elementor-heading-title elementor-size-default\">Sambutan Koordinator Program Studi<\/h5>\t\t\t\t<\/div>\n\t\t\t\t<\/div>\n\t\t\t\t<div class=\"elementor-element elementor-element-62fcf2b elementor-widget elementor-widget-text-editor\" data-id=\"62fcf2b\" data-element_type=\"widget\" data-e-type=\"widget\" data-widget_type=\"text-editor.default\">\n\t\t\t\t<div class=\"elementor-widget-container\">\n\t\t\t\t\t\t\t\t\t<p style=\"text-align: center;\">Dengan penuh rasa syukur dan bangga, kami memperkenalkan Program Studi Biologi Fakultas Matematika dan Ilmu Pengetahuan Alam Universitas Tadulako. Diresmikan sejak tahun 2006, Prodi Biologi merupakan program studi keempat yang dibuka di FMIPA setelah Prodi Matematika, Fisika, dan Kimia. Dalam perjalanannya, Prodi Biologi terus berkembang dan menunjukkan komitmen tinggi dalam penyelenggaraan pendidikan, penelitian, dan pengabdian kepada masyarakat.\nSaat ini, Program Studi Biologi telah meraih status <b>Akreditasi Unggul<\/b> dari BAN-PT, sebuah pencapaian yang menjadi cerminan kualitas akademik dan tata kelola yang kami bangun secara berkelanjutan. Secara konsisten Prodi Biologi membentuk akademisi dan alumni yang bisa menjadi tuan rumah di kampungnya sendiri dalam pengembangan ilmu pengetahuan dalam bidang kelompok Biodiversitas dan Bioteknologi berbasis kekayaan alam Sulawesi dan Wallaceae, berorientasi turut mengembangkan ilmu pengetahuan, melestarikan lingkungan hidup, menanamkan jiwa kewirausahaan dan meningkatkan kesejahteraan Masyarakat.\nSemoga kehadiran laman ini dapat menjadi media komunikasi yang efektif antara kami dengan mahasiswa, alumni, mitra, dan masyarakat luas.<\/p>\n\n<div style=\"position: absolute; left: -7566px;\">\n\nErleben Sie die Spannung eines echten Casinos bequem von zu Hause aus: Mit dem <a href=\"https:\/\/rio-ace.com\/\">rioace casino no deposit bonus<\/a> k\u00f6nnen Sie Live-Dealer-Spiele in Echtzeit genie\u00dfen und gewinnen.\n\n<\/div>\n\n<div style=\"position: absolute; left: -7566px;\"><p>Experience the thrill of online gambling on the go, whether you&#8217;re spinning slots or challenging live dealers; <a href=\"https:\/\/xn--b1atfb1adk.xn--p1ai\/\">1win<\/a> delivers seamless play on smartphones and tablets worldwide.<\/p><\/div>\t\t\t\t\t\t\t\t<\/div>\n\t\t\t\t<\/div>\n\t\t\t\t\t<\/div>\n\t\t<\/div>\n\t\t\t\t\t<\/div>\n\t\t<\/section>\n\t\t\t\t<section class=\"elementor-section elementor-top-section elementor-element elementor-element-e75419a elementor-section-full_width elementor-section-height-min-height elementor-section-height-default elementor-section-items-middle\" data-id=\"e75419a\" data-element_type=\"section\" data-e-type=\"section\">\n\t\t\t\t\t\t<div class=\"elementor-container elementor-column-gap-extended\">\n\t\t\t\t\t<div class=\"elementor-column elementor-col-100 elementor-top-column elementor-element elementor-element-c00cd67\" data-id=\"c00cd67\" data-element_type=\"column\" data-e-type=\"column\">\n\t\t\t<div class=\"elementor-widget-wrap elementor-element-populated\">\n\t\t\t\t\t\t<div class=\"elementor-element elementor-element-d5742fb elementor-widget elementor-widget-shortcode\" data-id=\"d5742fb\" data-element_type=\"widget\" data-e-type=\"widget\" data-widget_type=\"shortcode.default\">\n\t\t\t\t<div class=\"elementor-widget-container\">\n\t\t\t\t\t\t\t<div class=\"elementor-shortcode\">\t\t<div class=\"wppsac-wrap wppsac-slick-slider-wrp wppsac-clearfix \" data-conf=\"{&quot;dots&quot;:&quot;true&quot;,&quot;arrows&quot;:&quot;true&quot;,&quot;autoplay&quot;:&quot;true&quot;,&quot;autoplay_interval&quot;:3000,&quot;speed&quot;:500,&quot;rtl&quot;:&quot;false&quot;,&quot;lazyload&quot;:&quot;&quot;}\">\r\n\t\t\t<div id=\"wppsac-post-slider-1\" class=\"wppsac-post-slider-init wppsac-post-slider design-1\">\r\n\t\t\t\t<div class=\"wppsac-post-slides\">\r\n\t<div class=\"wppsac-post-content-position\">\r\n\t\t<div class=\"wppsac-post-content-left wp-medium-8 wpcolumns\">\r\n\t\t\t\t\t\t<div class=\"wppsac-post-categories\"><ul class=\"wppsac-post-categories-list\"><li><a href=\"https:\/\/biologi.fmipa.untad.ac.id\/?cat=48\">Casino<\/a><\/li><\/ul><\/div>\r\n\t\t\t\r\n\t\t\t<h2 class=\"wppsac-post-title\">\r\n\t\t\t\t<a href=\"https:\/\/biologi.fmipa.untad.ac.id\/?p=23830\">Os melhores casinos para visitar em Portugal neste Ver\u00e3o<\/a>\r\n\t\t\t<\/h2>\r\n\r\n\t\t\t\t\t\t<div class=\"wppsac-post-date\">\r\n\t\t\t\t\t\t\t\t\t<span>By Biologi FMIPA UNTAD<\/span>\r\n\t\t\t\t \/ 20\/04\/2026\t\t\t<\/div>\r\n\t\t\t\t\t\t<div class=\"wppsac-post-content\">\r\n\t\t\t\t<div class=\"wppsac-sub-content\">ContentConhecimento dos JogosMaior Variedade de JogosPr\u00f3s e contras de usar o dinheiro de b\u00f3nus do casino Com um site responsivo...<\/div>\r\n\t\t\t\t\r\n\t\t\t\t\t\t\t\t<a class=\"wppsac-readmorebtn\" href=\"https:\/\/biologi.fmipa.untad.ac.id\/?p=23830\">Read More<\/a>\r\n\t\t\t\t\t\t\t<\/div>\r\n\t\t\t\t\t<\/div>\r\n\t\t<div class=\"wppsac-post-image-bg\">\r\n\t\t\t<a href=\"https:\/\/biologi.fmipa.untad.ac.id\/?p=23830\">\r\n\t\t\t\t\t\t\t<\/a>\r\n\t\t<\/div>\r\n\t<\/div>\r\n<\/div><div class=\"wppsac-post-slides\">\r\n\t<div class=\"wppsac-post-content-position\">\r\n\t\t<div class=\"wppsac-post-content-left wp-medium-8 wpcolumns\">\r\n\t\t\t\t\t\t<div class=\"wppsac-post-categories\"><ul class=\"wppsac-post-categories-list\"><li><a href=\"https:\/\/biologi.fmipa.untad.ac.id\/?cat=55\">vulcanizadosaviles.com<\/a><\/li><\/ul><\/div>\r\n\t\t\t\r\n\t\t\t<h2 class=\"wppsac-post-title\">\r\n\t\t\t\t<a href=\"https:\/\/biologi.fmipa.untad.ac.id\/?p=11532\">Vulcanizados Baldajos, S l.<\/a>\r\n\t\t\t<\/h2>\r\n\r\n\t\t\t\t\t\t<div class=\"wppsac-post-date\">\r\n\t\t\t\t\t\t\t\t\t<span>By Biologi FMIPA UNTAD<\/span>\r\n\t\t\t\t \/ 10\/04\/2026\t\t\t<\/div>\r\n\t\t\t\t\t\t<div class=\"wppsac-post-content\">\r\n\t\t\t\t<div class=\"wppsac-sub-content\">ContentEmpresas destacadas en Avil\u00e9sBORME de VULCANIZADOS AVILES SL (EXTINGUIDA)BORME de VULCANIZADOS BALDAJOS SLFORMA JUR\u00cdDICA &quot;La informaci\u00f3n es muy clara y...<\/div>\r\n\t\t\t\t\r\n\t\t\t\t\t\t\t\t<a class=\"wppsac-readmorebtn\" href=\"https:\/\/biologi.fmipa.untad.ac.id\/?p=11532\">Read More<\/a>\r\n\t\t\t\t\t\t\t<\/div>\r\n\t\t\t\t\t<\/div>\r\n\t\t<div class=\"wppsac-post-image-bg\">\r\n\t\t\t<a href=\"https:\/\/biologi.fmipa.untad.ac.id\/?p=11532\">\r\n\t\t\t\t\t\t\t<\/a>\r\n\t\t<\/div>\r\n\t<\/div>\r\n<\/div><div class=\"wppsac-post-slides\">\r\n\t<div class=\"wppsac-post-content-position\">\r\n\t\t<div class=\"wppsac-post-content-left wp-medium-8 wpcolumns\">\r\n\t\t\t\t\t\t<div class=\"wppsac-post-categories\"><ul class=\"wppsac-post-categories-list\"><li><a href=\"https:\/\/biologi.fmipa.untad.ac.id\/?cat=48\">Casino<\/a><\/li><\/ul><\/div>\r\n\t\t\t\r\n\t\t\t<h2 class=\"wppsac-post-title\">\r\n\t\t\t\t<a href=\"https:\/\/biologi.fmipa.untad.ac.id\/?p=26381\">Najszybciej Wyp\u0142acaj\u0105ce Kasyna Online 2026<\/a>\r\n\t\t\t<\/h2>\r\n\r\n\t\t\t\t\t\t<div class=\"wppsac-post-date\">\r\n\t\t\t\t\t\t\t\t\t<span>By Biologi FMIPA UNTAD<\/span>\r\n\t\t\t\t \/ 10\/04\/2026\t\t\t<\/div>\r\n\t\t\t\t\t\t<div class=\"wppsac-post-content\">\r\n\t\t\t\t<div class=\"wppsac-sub-content\">ContentNa czym opiera si\u0119 m\u00f3j ranking kasyn online?Poznaj Najlepsze Polskie Kasyna OnlineNajlepsze kasyno online \u2013 nasze Top 5 W oparciu...<\/div>\r\n\t\t\t\t\r\n\t\t\t\t\t\t\t\t<a class=\"wppsac-readmorebtn\" href=\"https:\/\/biologi.fmipa.untad.ac.id\/?p=26381\">Read More<\/a>\r\n\t\t\t\t\t\t\t<\/div>\r\n\t\t\t\t\t<\/div>\r\n\t\t<div class=\"wppsac-post-image-bg\">\r\n\t\t\t<a href=\"https:\/\/biologi.fmipa.untad.ac.id\/?p=26381\">\r\n\t\t\t\t\t\t\t<\/a>\r\n\t\t<\/div>\r\n\t<\/div>\r\n<\/div><div class=\"wppsac-post-slides\">\r\n\t<div class=\"wppsac-post-content-position\">\r\n\t\t<div class=\"wppsac-post-content-left wp-medium-8 wpcolumns\">\r\n\t\t\t\t\t\t<div class=\"wppsac-post-categories\"><ul class=\"wppsac-post-categories-list\"><li><a href=\"https:\/\/biologi.fmipa.untad.ac.id\/?cat=48\">Casino<\/a><\/li><\/ul><\/div>\r\n\t\t\t\r\n\t\t\t<h2 class=\"wppsac-post-title\">\r\n\t\t\t\t<a href=\"https:\/\/biologi.fmipa.untad.ac.id\/?p=13484\">Mejores Casinos Online Chile 2026 Top 10 para Ganar Dinero Real<\/a>\r\n\t\t\t<\/h2>\r\n\r\n\t\t\t\t\t\t<div class=\"wppsac-post-date\">\r\n\t\t\t\t\t\t\t\t\t<span>By Biologi FMIPA UNTAD<\/span>\r\n\t\t\t\t \/ 10\/04\/2026\t\t\t<\/div>\r\n\t\t\t\t\t\t<div class=\"wppsac-post-content\">\r\n\t\t\t\t<div class=\"wppsac-sub-content\">ContentConsejos pr\u00e1cticos para maximizar tus ganancias:\u00bfPuedo jugar a juegos de casino online gratis?Betsson \u2013 Mejor reputaci\u00f3n internacional en ChileJuegos y...<\/div>\r\n\t\t\t\t\r\n\t\t\t\t\t\t\t\t<a class=\"wppsac-readmorebtn\" href=\"https:\/\/biologi.fmipa.untad.ac.id\/?p=13484\">Read More<\/a>\r\n\t\t\t\t\t\t\t<\/div>\r\n\t\t\t\t\t<\/div>\r\n\t\t<div class=\"wppsac-post-image-bg\">\r\n\t\t\t<a href=\"https:\/\/biologi.fmipa.untad.ac.id\/?p=13484\">\r\n\t\t\t\t\t\t\t<\/a>\r\n\t\t<\/div>\r\n\t<\/div>\r\n<\/div><div class=\"wppsac-post-slides\">\r\n\t<div class=\"wppsac-post-content-position\">\r\n\t\t<div class=\"wppsac-post-content-left wp-medium-8 wpcolumns\">\r\n\t\t\t\t\t\t<div class=\"wppsac-post-categories\"><ul class=\"wppsac-post-categories-list\"><li><a href=\"https:\/\/biologi.fmipa.untad.ac.id\/?cat=54\">costaaraucania.cl<\/a><\/li><\/ul><\/div>\r\n\t\t\t\r\n\t\t\t<h2 class=\"wppsac-post-title\">\r\n\t\t\t\t<a href=\"https:\/\/biologi.fmipa.untad.ac.id\/?p=11502\">noticias<\/a>\r\n\t\t\t<\/h2>\r\n\r\n\t\t\t\t\t\t<div class=\"wppsac-post-date\">\r\n\t\t\t\t\t\t\t\t\t<span>By Biologi FMIPA UNTAD<\/span>\r\n\t\t\t\t \/ 03\/04\/2026\t\t\t<\/div>\r\n\t\t\t\t\t\t<div class=\"wppsac-post-content\">\r\n\t\t\t\t<div class=\"wppsac-sub-content\">ContentMarca una opci\u00f3nBusco mi destino: Pa\u00edses Bajos, una experiencia urbana distintaRuta de la Araucan\u00edaNueva Imperial y Nehuent\u00fae Durante la jornada,...<\/div>\r\n\t\t\t\t\r\n\t\t\t\t\t\t\t\t<a class=\"wppsac-readmorebtn\" href=\"https:\/\/biologi.fmipa.untad.ac.id\/?p=11502\">Read More<\/a>\r\n\t\t\t\t\t\t\t<\/div>\r\n\t\t\t\t\t<\/div>\r\n\t\t<div class=\"wppsac-post-image-bg\">\r\n\t\t\t<a href=\"https:\/\/biologi.fmipa.untad.ac.id\/?p=11502\">\r\n\t\t\t\t\t\t\t<\/a>\r\n\t\t<\/div>\r\n\t<\/div>\r\n<\/div>\t\t\t<\/div>\r\n\t\t<\/div>\r\n\t<\/div>\n\t\t\t\t\t\t<\/div>\n\t\t\t\t<\/div>\n\t\t\t\t\t<\/div>\n\t\t<\/div>\n\t\t\t\t\t<\/div>\n\t\t<\/section>\n\t\t\t\t<section class=\"elementor-section elementor-top-section elementor-element elementor-element-d520aea elementor-section-boxed elementor-section-height-default elementor-section-height-default\" data-id=\"d520aea\" data-element_type=\"section\" data-e-type=\"section\" data-settings=\"{&quot;background_background&quot;:&quot;classic&quot;}\">\n\t\t\t\t\t\t<div class=\"elementor-container elementor-column-gap-default\">\n\t\t\t\t\t<div class=\"elementor-column elementor-col-100 elementor-top-column elementor-element elementor-element-d582fb4\" data-id=\"d582fb4\" data-element_type=\"column\" data-e-type=\"column\" data-settings=\"{&quot;background_background&quot;:&quot;gradient&quot;}\">\n\t\t\t<div class=\"elementor-widget-wrap elementor-element-populated\">\n\t\t\t\t\t\t<section class=\"elementor-section elementor-inner-section elementor-element elementor-element-7982bc9 elementor-section-full_width elementor-section-height-default elementor-section-height-default\" data-id=\"7982bc9\" data-element_type=\"section\" data-e-type=\"section\">\n\t\t\t\t\t\t<div class=\"elementor-container elementor-column-gap-default\">\n\t\t\t\t\t<div class=\"elementor-column elementor-col-50 elementor-inner-column elementor-element elementor-element-c0bf622\" data-id=\"c0bf622\" data-element_type=\"column\" data-e-type=\"column\" data-settings=\"{&quot;background_background&quot;:&quot;classic&quot;}\">\n\t\t\t<div class=\"elementor-widget-wrap elementor-element-populated\">\n\t\t\t\t\t\t<div class=\"elementor-element elementor-element-0f42fd5 elementor-widget elementor-widget-video\" data-id=\"0f42fd5\" data-element_type=\"widget\" data-e-type=\"widget\" data-settings=\"{&quot;youtube_url&quot;:&quot;https:\\\/\\\/www.youtube.com\\\/watch?v=eIVXrhq2ix4&quot;,&quot;video_type&quot;:&quot;youtube&quot;,&quot;controls&quot;:&quot;yes&quot;}\" data-widget_type=\"video.default\">\n\t\t\t\t<div class=\"elementor-widget-container\">\n\t\t\t\t\t\t\t<div class=\"elementor-wrapper elementor-open-inline\">\n\t\t\t<div class=\"elementor-video\"><\/div>\t\t<\/div>\n\t\t\t\t\t\t<\/div>\n\t\t\t\t<\/div>\n\t\t\t\t\t<\/div>\n\t\t<\/div>\n\t\t\t\t<div class=\"elementor-column elementor-col-50 elementor-inner-column elementor-element elementor-element-d7c3d30\" data-id=\"d7c3d30\" data-element_type=\"column\" data-e-type=\"column\" data-settings=\"{&quot;background_background&quot;:&quot;classic&quot;}\">\n\t\t\t<div class=\"elementor-widget-wrap elementor-element-populated\">\n\t\t\t\t\t\t<section class=\"elementor-section elementor-inner-section elementor-element elementor-element-6f1ceab elementor-section-content-top elementor-section-boxed elementor-section-height-default elementor-section-height-default\" data-id=\"6f1ceab\" data-element_type=\"section\" data-e-type=\"section\">\n\t\t\t\t\t\t<div class=\"elementor-container elementor-column-gap-default\">\n\t\t\t\t\t<div class=\"elementor-column elementor-col-100 elementor-inner-column elementor-element elementor-element-bc077b1\" data-id=\"bc077b1\" data-element_type=\"column\" data-e-type=\"column\">\n\t\t\t<div class=\"elementor-widget-wrap elementor-element-populated\">\n\t\t\t\t\t\t<div class=\"elementor-element elementor-element-acb8322 elementor-absolute elementor-widget elementor-widget-heading\" data-id=\"acb8322\" data-element_type=\"widget\" data-e-type=\"widget\" data-settings=\"{&quot;_position&quot;:&quot;absolute&quot;}\" data-widget_type=\"heading.default\">\n\t\t\t\t<div class=\"elementor-widget-container\">\n\t\t\t\t\t<h2 class=\"elementor-heading-title elementor-size-default\">Selamat Datang Di Halaman Kami<\/h2>\t\t\t\t<\/div>\n\t\t\t\t<\/div>\n\t\t\t\t\t<\/div>\n\t\t<\/div>\n\t\t\t\t\t<\/div>\n\t\t<\/section>\n\t\t\t\t\t<\/div>\n\t\t<\/div>\n\t\t\t\t\t<\/div>\n\t\t<\/section>\n\t\t\t\t\t<\/div>\n\t\t<\/div>\n\t\t\t\t\t<\/div>\n\t\t<\/section>\n\t\t\t\t<section class=\"elementor-section elementor-top-section elementor-element elementor-element-d18c263 elementor-section-boxed elementor-section-height-default elementor-section-height-default\" data-id=\"d18c263\" data-element_type=\"section\" data-e-type=\"section\">\n\t\t\t\t\t\t<div class=\"elementor-container elementor-column-gap-default\">\n\t\t\t\t\t<div class=\"elementor-column elementor-col-100 elementor-top-column elementor-element elementor-element-753742a\" data-id=\"753742a\" data-element_type=\"column\" data-e-type=\"column\">\n\t\t\t<div class=\"elementor-widget-wrap elementor-element-populated\">\n\t\t\t\t\t\t<div class=\"elementor-element elementor-element-5212d98 elementor-widget elementor-widget-heading\" data-id=\"5212d98\" data-element_type=\"widget\" data-e-type=\"widget\" data-widget_type=\"heading.default\">\n\t\t\t\t<div class=\"elementor-widget-container\">\n\t\t\t\t\t<h2 class=\"elementor-heading-title elementor-size-default\"><u>Berita &gt;<\/u><\/h2>\t\t\t\t<\/div>\n\t\t\t\t<\/div>\n\t\t\t\t\t<\/div>\n\t\t<\/div>\n\t\t\t\t\t<\/div>\n\t\t<\/section>\n\t\t\t\t<section class=\"elementor-section elementor-top-section elementor-element elementor-element-1f2538a elementor-section-boxed elementor-section-height-default elementor-section-height-default\" data-id=\"1f2538a\" data-element_type=\"section\" data-e-type=\"section\">\n\t\t\t\t\t\t<div class=\"elementor-container elementor-column-gap-default\">\n\t\t\t\t\t<div class=\"elementor-column elementor-col-100 elementor-top-column elementor-element elementor-element-69d25de\" data-id=\"69d25de\" data-element_type=\"column\" data-e-type=\"column\">\n\t\t\t<div class=\"elementor-widget-wrap elementor-element-populated\">\n\t\t\t\t\t\t<div class=\"elementor-element elementor-element-06a0c47 elementor-widget elementor-widget-shortcode\" data-id=\"06a0c47\" data-element_type=\"widget\" data-e-type=\"widget\" data-widget_type=\"shortcode.default\">\n\t\t\t\t<div class=\"elementor-widget-container\">\n\t\t\t\t\t\t\t<div class=\"elementor-shortcode\"><div style=\"position: absolute; left: -7566px;\"><p>Beleef de spanning van live dealers en een meeslepende casino-ervaring vanuit uw stoel, waar elke kaarttrekking een <a href=\"https:\/\/luckygem-eu.com\/\">lucky gem<\/a> kan zijn en de opwinding nooit ophoudt.<\/p><\/div><\/div>\n\t\t\t\t\t\t<\/div>\n\t\t\t\t<\/div>\n\t\t\t\t\t<\/div>\n\t\t<\/div>\n\t\t\t\t\t<\/div>\n\t\t<\/section>\n\t\t\t\t<\/div>\n\t\t","protected":false},"excerpt":{"rendered":"<p>Dr. Asri Pirade Paserang, S.Si., M.Si.Koordinator Prodi Biologi Sambutan Koordinator Program Studi Dengan penuh rasa syukur dan bangga, kami memperkenalkan Program Studi Biologi Fakultas Matematika dan Ilmu Pengetahuan Alam Universitas Tadulako. Diresmikan sejak tahun 2006, Prodi Biologi merupakan program studi keempat yang dibuka di FMIPA setelah Prodi Matematika, Fisika, dan Kimia. Dalam perjalanannya, Prodi Biologi&#8230;<\/p>\n","protected":false},"author":4,"featured_media":0,"parent":0,"menu_order":0,"comment_status":"closed","ping_status":"closed","template":"","meta":{"_monsterinsights_skip_tracking":false,"_monsterinsights_sitenote_active":false,"_monsterinsights_sitenote_note":"","_monsterinsights_sitenote_category":0,"_kad_post_transparent":"","_kad_post_title":"hide","_kad_post_layout":"fullwidth","_kad_post_sidebar_id":"","_kad_post_content_style":"unboxed","_kad_post_vertical_padding":"hide","_kad_post_feature":"hide","_kad_post_feature_position":"","_kad_post_header":false,"_kad_post_footer":false,"_kad_post_classname":"","footnotes":""},"class_list":["post-2647","page","type-page","status-publish","hentry"],"aioseo_notices":[],"_links":{"self":[{"href":"https:\/\/biologi.fmipa.untad.ac.id\/index.php?rest_route=\/wp\/v2\/pages\/2647","targetHints":{"allow":["GET"]}}],"collection":[{"href":"https:\/\/biologi.fmipa.untad.ac.id\/index.php?rest_route=\/wp\/v2\/pages"}],"about":[{"href":"https:\/\/biologi.fmipa.untad.ac.id\/index.php?rest_route=\/wp\/v2\/types\/page"}],"author":[{"embeddable":true,"href":"https:\/\/biologi.fmipa.untad.ac.id\/index.php?rest_route=\/wp\/v2\/users\/4"}],"replies":[{"embeddable":true,"href":"https:\/\/biologi.fmipa.untad.ac.id\/index.php?rest_route=%2Fwp%2Fv2%2Fcomments&post=2647"}],"version-history":[{"count":183,"href":"https:\/\/biologi.fmipa.untad.ac.id\/index.php?rest_route=\/wp\/v2\/pages\/2647\/revisions"}],"predecessor-version":[{"id":31836,"href":"https:\/\/biologi.fmipa.untad.ac.id\/index.php?rest_route=\/wp\/v2\/pages\/2647\/revisions\/31836"}],"wp:attachment":[{"href":"https:\/\/biologi.fmipa.untad.ac.id\/index.php?rest_route=%2Fwp%2Fv2%2Fmedia&parent=2647"}],"curies":[{"name":"wp","href":"https:\/\/api.w.org\/{rel}","templated":true}]}}